{"id":277,"date":"2021-07-10T17:24:55","date_gmt":"2021-07-10T15:24:55","guid":{"rendered":"http:\/\/anneliseroussy.fr\/?page_id=277"},"modified":"2024-10-08T10:10:58","modified_gmt":"2024-10-08T08:10:58","slug":"mon-travail-de-plasticienne-ceramiste","status":"publish","type":"page","link":"https:\/\/anneliseroussy.fr\/index.php\/mon-travail-de-plasticienne-ceramiste\/","title":{"rendered":"A l&rsquo;atelier"},"content":{"rendered":"\n<p>Par le travail de la terre et des \u00e9maux, par la recherche&nbsp;du&nbsp;point de fusion (eutectique<a><sup>1<\/sup><\/a>) entre les min\u00e9raux , mon intention est de laisser \u00e9merger des pi\u00e8ces artistiques donnant \u00e0 voir et percevoir les ph\u00e9nom\u00e8nes du vivant sur Terre \u00e0 l\u2019\u00e8re de l\u2019anthropoc\u00e8ne<a><sup>2<\/sup><\/a>&nbsp;et&nbsp;de&nbsp;cheminer vers l\u2019\u00e8re du Symbioc\u00e8ne<a><sup>3<\/sup><\/a>. Je m\u2019attache \u00e0 interroger en particulier les rapports entre la roche, le v\u00e9g\u00e9tal et l\u2019Homme \u00e0 partir de la fusion, de l\u2019\u00e9rosion, de la symbiose et des artefacts : je recherche les meilleures alliances et unions pour manifester leur interconnexion.<\/p>\n\n\n\n<p>Je fa\u00e7onne la terre \u00e0 la  main sans tour et la texture en m&rsquo;inspirant des cailloux que j\u2019ai ramass\u00e9 lors de mes nombreuses marches en milieu naturel. Je reprend des techniques du mod\u00e9lisme, de la sculpture, des techniques traditionnelles japonaises de la c\u00e9ramique et la philosophie du wabi-sabi<a><sup>4<\/sup><\/a>. J\u2019aime trouver la simplicit\u00e9 et la fluidit\u00e9 du geste.\u00a0<\/p>\n\n\n\n<p>Je cr\u00e9e des formes pour \u00e9voquer des artefacts arch\u00e9ologiques par la cr\u00e9ation d\u2019objets propres \u00e0 l\u2019humanit\u00e9 et o\u00f9 la nature aurait repris ses droits.<\/p>\n\n\n\n<p>Tel une alchimiste, j\u2019assemble, je compose \u00e0 partir de mati\u00e8res brutes et naturelles comme la terre (argile, gr\u00e8s, sables\u2026) et les min\u00e9raux pour m\u2019approcher toujours plus de ce qu\u2019a pu \u00eatre la formation des roches de la cro\u00fbte terrestre. Ces exp\u00e9rimentations m\u2019am\u00e8nent \u00e0 rechercher comment g\u00e9ologiquement la Terre s\u2019est constitu\u00e9e et comment elle continue d\u2019\u00e9voluer.&nbsp;<\/p>\n\n\n\n<p>Observant directement dans la nature ces principes g\u00e9ologiques et g\u00e9omorphologiques, la collecte de mes propres min\u00e9raux est devenue une \u00e9vidence et rejoint ma philosophie de vie, mes nombreuses contemplations dans la nature et ma passion pour la mati\u00e8re. Mes valeurs&nbsp;\u00e9cologiques se traduisent dans mon travail par la r\u00e9colte de mat\u00e9riaux locaux non polluants et non toxiques pour la plan\u00e8te, pour tout \u00eatre vivant et me relie aux territoires o\u00f9 je travaille.<\/p>\n\n\n\n<p>Je fabrique de ce fait de \u00ab&nbsp;nouveaux cailloux&nbsp;\u00bb&nbsp;et de \u00ab&nbsp;nouveaux lichens\u00bb, je refonds et recr\u00e9e de la roche assemblant la conscience du sensible sur Terre, les techniques de la c\u00e9ramique et de la chimie. Cela passe par des \u00e9tapes de fa\u00e7onnage et de texture de la terre auxquelles je rajoute des \u00e9maux issus&nbsp;des min\u00e9raux de carri\u00e8re et&nbsp;des roches r\u00e9colt\u00e9es et fusionn\u00e9es. Certains de mes \u00e9maux \u00e9voquent des lichens : ces organismes vivants qui r\u00e9sultent d\u2019une symbiose entre une algue et un champignon. Le lichen dans mon travail prend la place d\u2019un v\u00e9ritable&nbsp;symbole de vie.&nbsp;Le&nbsp;lichen est le premier organisme vivant \u00e0 recoloniser une surface vide ou qui a subi un chaos. Il met des ann\u00e9es \u00e0 se d\u00e9velopper. Dans ma d\u00e9marche, les lichens repr\u00e9sentent la&nbsp;r\u00e9silience de la nature par rapport \u00e0 la pr\u00e9sence&nbsp;humaine&nbsp;sur terre afin que l\u2019homme pense autrement sa relation \u00e0&nbsp;la T(t)erre. Je recherche \u00e0 travers mon travail une symbiose mi-humaine, mi-naturelle.<\/p>\n\n\n\n<p>Les pi\u00e8ces sensibles qui \u00e9mergent de mes mains r\u00e9sultent de toutes mes exp\u00e9riences et prises de conscience. Elles manifestent, en int\u00e9grant le milieu naturel dans l\u2019oeuvre, ma propre reconnexion \u00e0 la Terre et donne sens \u00e0 l\u2019id\u00e9e de trouver ma juste place dans la biosph\u00e8re<\/p>\n\n\n\n<p style=\"font-size:9px\"><a>1<\/a>&nbsp;Eutectique&nbsp;: m\u00e9lange de plusieurs min\u00e9raux dont la temp\u00e9rature de fusion est plus basse que les min\u00e9raux seuls ou que tout autre m\u00e9lange des m\u00eames corps en d\u2019autres proportions.<\/p>\n\n\n\n<p style=\"font-size:9px\"><a>2<\/a> Anthropoc\u00e8ne&nbsp;:&nbsp;signifie \u00e9tymologiquement \u00ab L\u2019\u00c2ge de l\u2019Homme \u00bb. Elle vise \u00e0 d\u00e9finir une nouvelle \u00e8re g\u00e9ologique dans laquelle l\u2019Homme est devenu l\u2019acteur central.<\/p>\n\n\n\n<p style=\"font-size:9px\"><a>3<\/a> Symbioc\u00e8ne:&nbsp;nouveau vocabulaire invent\u00e9 par&nbsp;<strong>Glenn Albrech, philosophe et sp\u00e9cialiste de l\u2019environnement.Il pr\u00f4ne une vision du monde qui am\u00e8ne l\u2019humanit\u00e9 \u00e0 appr\u00e9hender positivement les changements \u00e9cologiques de son milieu et \u00e0 penser autrement sa relation avec la nature.&nbsp;<\/strong><\/p>\n\n\n\n<p style=\"font-size:9px\"><a>4<\/a>Wabi sabi:concept esth\u00e9tique et spirituel \u00e9manant des principes bouddhistes zen.<\/p>\n","protected":false},"excerpt":{"rendered":"<p>Par le travail de la terre et des \u00e9maux, par la recherche&nbsp;du&nbsp;point de fusion (eutectique1) entre les min\u00e9raux , mon intention est de laisser \u00e9merger des pi\u00e8ces artistiques donnant \u00e0 voir et percevoir les ph\u00e9nom\u00e8nes du vivant sur Terre \u00e0 l\u2019\u00e8re de l\u2019anthropoc\u00e8ne2&nbsp;et&nbsp;de&nbsp;cheminer vers l\u2019\u00e8re du Symbioc\u00e8ne3. Je m\u2019attache \u00e0 interroger en particulier les rapports [&hellip;]<\/p>\n","protected":false},"author":1,"featured_media":0,"parent":0,"menu_order":0,"comment_status":"closed","ping_status":"closed","template":"","meta":{"footnotes":""},"class_list":["post-277","page","type-page","status-publish","hentry"],"_links":{"self":[{"href":"https:\/\/anneliseroussy.fr\/index.php\/wp-json\/wp\/v2\/pages\/277"}],"collection":[{"href":"https:\/\/anneliseroussy.fr\/index.php\/wp-json\/wp\/v2\/pages"}],"about":[{"href":"https:\/\/anneliseroussy.fr\/index.php\/wp-json\/wp\/v2\/types\/page"}],"author":[{"embeddable":true,"href":"https:\/\/anneliseroussy.fr\/index.php\/wp-json\/wp\/v2\/users\/1"}],"replies":[{"embeddable":true,"href":"https:\/\/anneliseroussy.fr\/index.php\/wp-json\/wp\/v2\/comments?post=277"}],"version-history":[{"count":7,"href":"https:\/\/anneliseroussy.fr\/index.php\/wp-json\/wp\/v2\/pages\/277\/revisions"}],"predecessor-version":[{"id":546,"href":"https:\/\/anneliseroussy.fr\/index.php\/wp-json\/wp\/v2\/pages\/277\/revisions\/546"}],"wp:attachment":[{"href":"https:\/\/anneliseroussy.fr\/index.php\/wp-json\/wp\/v2\/media?parent=277"}],"curies":[{"name":"wp","href":"https:\/\/api.w.org\/{rel}","templated":true}]}}